{"id":178,"date":"2019-06-26T11:51:30","date_gmt":"2019-06-26T09:51:30","guid":{"rendered":"https:\/\/cietime.com\/?page_id=178"},"modified":"2025-11-23T08:21:39","modified_gmt":"2025-11-23T07:21:39","slug":"preguntas-y-respuestas","status":"publish","type":"page","link":"https:\/\/cietime.com\/?page_id=178","title":{"rendered":"Preguntas y respuestas"},"content":{"rendered":"<p><a href=\"https:\/\/cietime.com\/\"><img loading=\"lazy\" class=\"aligncenter  wp-image-294\" src=\"https:\/\/cietime.com\/wp-content\/uploads\/2025\/11\/fichaje-5.png\" alt=\"\" width=\"202\" height=\"202\" srcset=\"https:\/\/cietime.com\/wp-content\/uploads\/2025\/11\/fichaje-5.png 1024w, https:\/\/cietime.com\/wp-content\/uploads\/2025\/11\/fichaje-5-300x300.png 300w, https:\/\/cietime.com\/wp-content\/uploads\/2025\/11\/fichaje-5-150x150.png 150w, https:\/\/cietime.com\/wp-content\/uploads\/2025\/11\/fichaje-5-768x768.png 768w\" sizes=\"(max-width: 202px) 100vw, 202px\" \/><\/a><\/p>\n<h3><span style=\"color: #000000;\">\u00bfPuedo usarlo en un ordenador o Mac?<\/span><\/h3>\n<p><span style=\"color: #808080;\"><em>S\u00ed, sin problema podr\u00e1s acceder con acceso web. Para acceder debes introducir en cualquier navegador https:\/\/web.cietime.com\u00a0<\/em><\/span><\/p>\n<h3><span style=\"color: #000000;\">\u00bfQu\u00e9 es lo que tengo que introducir donde dice empresa en el login de acceso?<\/span><\/h3>\n<p><em><span style=\"color: #808080;\">Si tu empresa te ha dado de alta, adem\u00e1s de tu usuario y contrase\u00f1a, debe entregarte el nombre de empresa para poder acceder.<\/span><\/em><\/p>\n<h3><span style=\"color: #000000;\">\u00bfC\u00f3mo puedo acceder a los registros y c\u00f3mputo de horas?<\/span><\/h3>\n<p><span style=\"color: #808080;\"><em>En el apartado de men\u00fa, accede a mi cuenta, y a mis horas. Ah\u00ed te desglosar\u00e1 el total por semana y todos los registros.<\/em><\/span><\/p>\n<h3><span style=\"color: #000000;\">\u00bfPorqu\u00e9 se paga la cuota inicial de 59\u20ac?<\/span><\/h3>\n<p><em>Es la cuota inicial de instalaci\u00f3n, soporte, formaci\u00f3n y puesta en marcha de la empresa en el sistema.<\/em><\/p>\n<h3><span style=\"color: #000000;\">\u00bfPuedo solicitar la devoluci\u00f3n, si al final no se ajusta a mi empresa?<\/span><\/h3>\n<p><em>S\u00ed, te daremos 30 d\u00edas de prueba. En el caso de no querer seguir, devolveremos \u00edntegramente el importe.<\/em><\/p>\n<h3><span style=\"color: #000000;\">\u00bfY si al final, necesito m\u00e1s empleados de lo que he contratado?<\/span><\/h3>\n<p><em>Te cobraremos, 1\u20ac por empleado\/mes o intentaremos recalcular el importe para que puedas beneficiarte de todas las ventajas.<\/em><\/p>\n<h3><span style=\"color: #000000;\">\u00bfComo puedo saber si mis empleados han fichado, est\u00e1n en l\u00ednea o han finalizado?<\/span><\/h3>\n<p>En apartado usuarios, estado del empleado, podr\u00e1s visualizar todos los movimientos activos o finalizados.<\/p>\n<h3><span style=\"color: #000000;\">\u00bfPuedo crear un usuario nuevo?<\/span><\/h3>\n<p>S\u00ed, podr\u00e1s hacerlo sin problemas desde el apartado usuarios, nuevo usuario. Ah\u00ed podr\u00e1s introducir todos los datos del empleado y darle acceso.<\/p>\n<h3><span style=\"color: #000000;\">\u00bfComo puedo sacar las horas totales de cada empleado? \u00bfY de todos?<\/span><\/h3>\n<p><em>Desde el apartado informes, informes de horas, podr\u00e1s visualizar e imprimir por semanas o rango de fechas.<\/em><\/p>\n<h3><span style=\"color: #000000;\">\u00bfPuedo acceder desde un iphone?<\/span><\/h3>\n<p><em>Si, podr\u00e1s hacerlo descargando e instalando la app para ios. Haz click sobre el icono.<\/em><\/p>\n<p><a href=\"https:\/\/apps.apple.com\/us\/app\/cie-time\/id1469527878?l=es&amp;ls=1\"><img loading=\"lazy\" class=\"wp-image-18 alignleft\" src=\"https:\/\/cietime.com\/wp-content\/uploads\/2019\/06\/negro-apple-blancas-300x103.png\" alt=\"\" width=\"117\" height=\"39\" \/><\/a><\/p>\n<p>&nbsp;<\/p>\n<h3><span style=\"color: #000000;\"><a style=\"color: #000000;\" href=\"https:\/\/apps.apple.com\/us\/app\/cie-time\/id1469527878?l=es&amp;ls=1\">.<\/a>\u00bfY desde un dispositivo android?<\/span><\/h3>\n<p><em>Podr\u00e1s hacerlo descargando e instalando la app para android. Haz click sobre el icono.<\/em><\/p>\n<p><a href=\"https:\/\/play.google.com\/store\/apps\/details?id=com.mobincube.cie_time.sc_5S45CT\"><img loading=\"lazy\" class=\"wp-image-17 alignleft\" src=\"https:\/\/cietime.com\/wp-content\/uploads\/2019\/06\/negro-google-blancas-simbolocolor-300x103.png\" alt=\"\" width=\"117\" height=\"40\" \/><\/a><\/p>\n<p>&nbsp;<\/p>\n<p>&nbsp;<\/p>\n<h3><span style=\"color: #000000;\">\u00bfNecesito alg\u00fan terminal para el uso de la app?<\/span><\/h3>\n<p><em>No, no es necesario, podr\u00e1s usarlo desde cualquier pc o desde el terminal m\u00f3vil de cada empleado. Si usas esta \u00faltima opci\u00f3n, el empleado usuario tendr\u00e1 a mano siempre todos los registros y c\u00f3mputo de horas totales por semanas.<\/em><\/p>\n<h3><span style=\"color: #000000;\">\u00bfCu\u00e1les son los precios para empresas?<\/span><\/h3>\n<p><img loading=\"lazy\" class=\"aligncenter size-full wp-image-194\" src=\"https:\/\/cietime.com\/wp-content\/uploads\/2019\/06\/precios-1.png\" alt=\"\" width=\"1139\" height=\"356\" srcset=\"https:\/\/cietime.com\/wp-content\/uploads\/2019\/06\/precios-1.png 1139w, https:\/\/cietime.com\/wp-content\/uploads\/2019\/06\/precios-1-300x94.png 300w, https:\/\/cietime.com\/wp-content\/uploads\/2019\/06\/precios-1-768x240.png 768w, https:\/\/cietime.com\/wp-content\/uploads\/2019\/06\/precios-1-1024x320.png 1024w\" sizes=\"(max-width: 1139px) 100vw, 1139px\" \/><\/p>\n<h3><span style=\"color: #000000;\">\u00bfC\u00f3mo puedo registrarme o darme de alta?<\/span><\/h3>\n<p><em>Podr\u00e1s hacerlo desde la web, seleccionando el plan que m\u00e1s se ajuste a tu empresa y rellenado los datos de la empresa o llam\u00e1ndonos al 966781397.<\/em><\/p>\n<p>&nbsp;<\/p>\n<h3>No he permitido la ubicaci\u00f3n y ahora no me deja marcar la entrada\/salida, \u00bfQu\u00e9 puedo hacer?<\/h3>\n<p>Si est\u00e1s en chrome, accede a configuraci\u00f3n, configuraci\u00f3n del sitio web, Permisos y ubicaci\u00f3n.<\/p>\n<p><img loading=\"lazy\" class=\"aligncenter size-full wp-image-222\" src=\"https:\/\/cietime.com\/wp-content\/uploads\/2019\/07\/Captura-de-pantalla-2019-07-04-a-las-9.52.56-1.png\" alt=\"\" width=\"836\" height=\"480\" srcset=\"https:\/\/cietime.com\/wp-content\/uploads\/2019\/07\/Captura-de-pantalla-2019-07-04-a-las-9.52.56-1.png 836w, https:\/\/cietime.com\/wp-content\/uploads\/2019\/07\/Captura-de-pantalla-2019-07-04-a-las-9.52.56-1-300x172.png 300w, https:\/\/cietime.com\/wp-content\/uploads\/2019\/07\/Captura-de-pantalla-2019-07-04-a-las-9.52.56-1-768x441.png 768w, https:\/\/cietime.com\/wp-content\/uploads\/2019\/07\/Captura-de-pantalla-2019-07-04-a-las-9.52.56-1-350x200.png 350w\" sizes=\"(max-width: 836px) 100vw, 836px\" \/><\/p>\n<p>Si est\u00e1 bloqueado, aparecer\u00e1\u00a0 &#8220;cietime&#8221; en la lista de bloqueados.\u00a0 Lo seleccionamos y le damos permitir en ubicaci\u00f3n.<\/p>\n<p><img loading=\"lazy\" class=\"aligncenter size-full wp-image-224\" src=\"https:\/\/cietime.com\/wp-content\/uploads\/2019\/07\/Captura-de-pantalla-2019-07-04-a-las-9.53.25.png\" alt=\"\" width=\"827\" height=\"458\" srcset=\"https:\/\/cietime.com\/wp-content\/uploads\/2019\/07\/Captura-de-pantalla-2019-07-04-a-las-9.53.25.png 827w, https:\/\/cietime.com\/wp-content\/uploads\/2019\/07\/Captura-de-pantalla-2019-07-04-a-las-9.53.25-300x166.png 300w, https:\/\/cietime.com\/wp-content\/uploads\/2019\/07\/Captura-de-pantalla-2019-07-04-a-las-9.53.25-768x425.png 768w, https:\/\/cietime.com\/wp-content\/uploads\/2019\/07\/Captura-de-pantalla-2019-07-04-a-las-9.53.25-540x300.png 540w\" sizes=\"(max-width: 827px) 100vw, 827px\" \/><\/p>\n<p>&nbsp;<\/p>\n<p><img loading=\"lazy\" class=\"aligncenter size-full wp-image-225\" src=\"https:\/\/cietime.com\/wp-content\/uploads\/2019\/07\/Captura-de-pantalla-2019-07-04-a-las-9.53.34.png\" alt=\"\" width=\"847\" height=\"417\" srcset=\"https:\/\/cietime.com\/wp-content\/uploads\/2019\/07\/Captura-de-pantalla-2019-07-04-a-las-9.53.34.png 847w, https:\/\/cietime.com\/wp-content\/uploads\/2019\/07\/Captura-de-pantalla-2019-07-04-a-las-9.53.34-300x148.png 300w, https:\/\/cietime.com\/wp-content\/uploads\/2019\/07\/Captura-de-pantalla-2019-07-04-a-las-9.53.34-768x378.png 768w\" sizes=\"(max-width: 847px) 100vw, 847px\" \/><\/p>\n<p>&nbsp;<\/p>\n<p>&nbsp;<\/p>\n<p><!--Start of Tawk.to Script--><br \/>\n<script type=\"text\/javascript\">\nvar Tawk_API=Tawk_API||{}, Tawk_LoadStart=new Date();\n(function(){\nvar s1=document.createElement(\"script\"),s0=document.getElementsByTagName(\"script\")[0];\ns1.async=true;\ns1.src='https:\/\/embed.tawk.to\/5d137c8953d10a56bd7bf691\/default';\ns1.charset='UTF-8';\ns1.setAttribute('crossorigin','*');\ns0.parentNode.insertBefore(s1,s0);\n})();\n<\/script><br \/>\n<!--End of Tawk.to Script--><\/p>\n","protected":false},"excerpt":{"rendered":"<p>\u00bfPuedo usarlo en un ordenador o Mac? S\u00ed, sin problema podr\u00e1s acceder con acceso web. Para acceder debes introducir en cualquier navegador https:\/\/web.cietime.com\u00a0 \u00bfQu\u00e9 es lo que tengo que introducir donde dice empresa en el login de acceso? Si tu empresa te ha dado de alta, adem\u00e1s de tu usuario&#8230;<\/p>\n","protected":false},"author":1,"featured_media":0,"parent":0,"menu_order":0,"comment_status":"closed","ping_status":"closed","template":"templates\/full-width-page.php","meta":[],"_links":{"self":[{"href":"https:\/\/cietime.com\/index.php?rest_route=\/wp\/v2\/pages\/178"}],"collection":[{"href":"https:\/\/cietime.com\/index.php?rest_route=\/wp\/v2\/pages"}],"about":[{"href":"https:\/\/cietime.com\/index.php?rest_route=\/wp\/v2\/types\/page"}],"author":[{"embeddable":true,"href":"https:\/\/cietime.com\/index.php?rest_route=\/wp\/v2\/users\/1"}],"replies":[{"embeddable":true,"href":"https:\/\/cietime.com\/index.php?rest_route=%2Fwp%2Fv2%2Fcomments&post=178"}],"version-history":[{"count":20,"href":"https:\/\/cietime.com\/index.php?rest_route=\/wp\/v2\/pages\/178\/revisions"}],"predecessor-version":[{"id":296,"href":"https:\/\/cietime.com\/index.php?rest_route=\/wp\/v2\/pages\/178\/revisions\/296"}],"wp:attachment":[{"href":"https:\/\/cietime.com\/index.php?rest_route=%2Fwp%2Fv2%2Fmedia&parent=178"}],"curies":[{"name":"wp","href":"https:\/\/api.w.org\/{rel}","templated":true}]}}